{"id":97985,"date":"2020-03-22T16:53:50","date_gmt":"2020-03-22T21:53:50","guid":{"rendered":"https:\/\/isolicia.com\/?page_id=25"},"modified":"2023-02-15T15:32:58","modified_gmt":"2023-02-15T21:32:58","slug":"about-us","status":"publish","type":"page","link":"https:\/\/isolicia.com\/fr\/a-propos-de-nous\/","title":{"rendered":"Qui nous sommes"},"content":{"rendered":"<p>[et_pb_section fb_built=&#8221;1&#8243; custom_padding_last_edited=&#8221;on|tablet&#8221; _builder_version=&#8221;4.19.5&#8243; background_color=&#8221;rgba(0,0,0,0.61)&#8221; background_color_gradient_direction=&#8221;90deg&#8221; background_image=&#8221;https:\/\/isolicia.com\/wp-content\/uploads\/2023\/02\/Website-Page-Headers-1.jpg&#8221; background_position=&#8221;bottom_center&#8221; background_blend=&#8221;overlay&#8221; custom_padding=&#8221;110px||||false|false&#8221; custom_padding_tablet=&#8221;54px||||false|false&#8221; custom_padding_phone=&#8221;&#8221; custom_css_main_element=&#8221;background-color: #f8f8f8;||box-shadow: inset 0 -1px 0 0 rgba(0, 0, 0, 0.045), inset 0 1px 0 0 rgba(0, 0, 0, 0.045);&#8221; global_colors_info=&#8221;{}&#8221;][et_pb_row column_structure=&#8221;1_3,1_3,1_3&#8243; use_custom_gutter=&#8221;on&#8221; gutter_width=&#8221;2&#8243; make_equal=&#8221;on&#8221; module_class=&#8221;dct_p_title&#8221; _builder_version=&#8221;4.19.5&#8243; width=&#8221;90%&#8221; max_width=&#8221;2560px&#8221; custom_padding=&#8221;0px||0px||true|false&#8221; global_colors_info=&#8221;{}&#8221;][et_pb_column type=&#8221;1_3&#8243; _builder_version=&#8221;4.19.5&#8243; pac_dcm_carousel_specific_module_num=&#8221;0&#8243; global_colors_info=&#8221;{}&#8221;][et_pb_cta title=&#8221;@ET-DC@eyJkeW5hbWljIjp0cnVlLCJjb250ZW50IjoicG9zdF90aXRsZSIsInNldHRpbmdzIjp7ImJlZm9yZSI6IiIsImFmdGVyIjoiIn19@&#8221; _builder_version=&#8221;4.19.5&#8243; _dynamic_attributes=&#8221;title&#8221; header_font_size=&#8221;50px&#8221; use_background_color=&#8221;off&#8221; text_orientation=&#8221;left&#8221; global_colors_info=&#8221;{}&#8221;]<\/p>\n<p><span>Une plateforme B2B mondiale dont la mission est de rassembler les gens<\/span><\/p>\n<p>[\/et_pb_cta][\/et_pb_column][et_pb_column type=&#8221;1_3&#8243; _builder_version=&#8221;4.19.5&#8243; _module_preset=&#8221;default&#8221; pac_dcm_carousel_specific_module_num=&#8221;0&#8243; global_colors_info=&#8221;{}&#8221;][\/et_pb_column][et_pb_column type=&#8221;1_3&#8243; _builder_version=&#8221;4.16&#8243; pac_dcm_carousel_specific_module_num=&#8221;0&#8243; global_colors_info=&#8221;{}&#8221;][et_pb_text _builder_version=&#8221;4.16&#8243; text_orientation=&#8221;right&#8221; global_colors_info=&#8221;{}&#8221;]<\/p>\n<ul>\n<li><a href=\"https:\/\/isolicia.com\/fr\/\">Maison<\/a><\/li>\n<li>\u00e0 propos de nous<\/li>\n<\/ul>\n<p>[\/et_pb_text][\/et_pb_column][\/et_pb_row][\/et_pb_section][et_pb_section fb_built=&#8221;1&#8243; make_equal=&#8221;on&#8221; use_custom_gutter=&#8221;on&#8221; gutter_width=&#8221;2&#8243; specialty=&#8221;on&#8221; custom_padding_last_edited=&#8221;on|tablet&#8221; module_class=&#8221;dct_p_abt&#8221; _builder_version=&#8221;4.19.5&#8243; inner_width=&#8221;90%&#8221; inner_max_width=&#8221;1170px&#8221; custom_padding_tablet=&#8221;10px||10px||true|false&#8221; custom_padding_phone=&#8221;&#8221; hover_enabled=&#8221;0&#8243; global_colors_info=&#8221;{}&#8221; sticky_enabled=&#8221;0&#8243;][et_pb_column type=&#8221;1_2&#8243; _builder_version=&#8221;4.16&#8243; custom_padding=&#8221;|||&#8221; pac_dcm_carousel_specific_module_num=&#8221;0&#8243; global_colors_info=&#8221;{}&#8221; custom_padding__hover=&#8221;|||&#8221;][et_pb_text module_class=&#8221;dct_s_title_left&#8221; _builder_version=&#8221;4.19.5&#8243; text_font_size=&#8221;24px&#8221; global_colors_info=&#8221;{}&#8221;]<\/p>\n<p><span>\u00c0 PROPOS D&#039;ISOLICIA<\/span><\/p>\n<h3><\/h3>\n<p>[\/et_pb_text][et_pb_text _builder_version=&#8221;4.19.5&#8243; custom_css_main_element=&#8221;font-weight: 400;||line-height: 30px;||text-align: justify;||font-size: 16px;&#8221; global_colors_info=&#8221;{}&#8221;]<\/p>\n<p><span>Chez Isolicia, nous aidons les acheteurs \u00e0 trouver, connecter et g\u00e9rer les produits am\u00e9ricains les mieux adapt\u00e9s aupr\u00e8s des agriculteurs, des fabricants et des fournisseurs pour am\u00e9liorer la productivit\u00e9 et la rentabilit\u00e9.<\/span><\/p>\n<p><span>Nous avons une \u00e9quipe exp\u00e9riment\u00e9e d\u00e9di\u00e9e de sp\u00e9cialistes du commerce d&#039;exportation, de sp\u00e9cialistes des ingr\u00e9dients, de sp\u00e9cialistes des relations internationales et d&#039;experts en logistique avec une \u00e9chelle mondiale in\u00e9gal\u00e9e et des relations profond\u00e9ment enracin\u00e9es. Nous travaillons pour innover et d\u00e9velopper des moyens de mettre des aliments de qualit\u00e9 sur la table, connecter les acheteurs internationaux, accro\u00eetre la durabilit\u00e9 l\u00e0 o\u00f9 nous op\u00e9rons, renforcer la s\u00e9curit\u00e9 alimentaire mondiale et aider les communaut\u00e9s \u00e0 prosp\u00e9rer<\/span><\/p>\n<p>[\/et_pb_text][\/et_pb_column][et_pb_column type=&#8221;1_2&#8243; specialty_columns=&#8221;2&#8243; _builder_version=&#8221;4.16&#8243; custom_padding=&#8221;|||&#8221; pac_dcm_carousel_specific_module_num=&#8221;0&#8243; global_colors_info=&#8221;{}&#8221; custom_padding__hover=&#8221;|||&#8221;][et_pb_row_inner use_custom_gutter=&#8221;on&#8221; gutter_width=&#8221;1&#8243; make_equal=&#8221;on&#8221; _builder_version=&#8221;4.16&#8243; custom_padding=&#8221;0px||0px||true|false&#8221; global_colors_info=&#8221;{}&#8221;][et_pb_column_inner saved_specialty_column_type=&#8221;1_2&#8243; module_class=&#8221;dct_hvr&#8221; _builder_version=&#8221;4.16&#8243; custom_padding=&#8221;40px|30px|40px|30px|true|true&#8221; pac_dcm_carousel_specific_module_num=&#8221;0&#8243; border_width_all=&#8221;1px&#8221; border_color_all=&#8221;#ccc&#8221; global_colors_info=&#8221;{}&#8221;][et_pb_blurb title=&#8221;People-Focused&#8221; image_icon_background_color=&#8221;RGBA(255,255,255,0)&#8221; icon_placement=&#8221;left&#8221; _builder_version=&#8221;4.19.5&#8243; child_filter_invert=&#8221;100%&#8221; global_colors_info=&#8221;{}&#8221;]<\/p>\n<p><span>Nous croyons au pouvoir des gens. Notre objectif est de connecter diverses personnes, cultures, races, ethnies, pays, religions et origines politiques en tant qu&#039;\u00e9quipe pour construire des ponts mutuellement b\u00e9n\u00e9fiques et promouvoir des \u00e9changes commerciaux pacifiques. Nous nous engageons \u00e0 faire progresser la diversit\u00e9, l&#039;\u00e9quit\u00e9 et l&#039;inclusion.<\/span><\/p>\n<p>[\/et_pb_blurb][\/et_pb_column_inner][\/et_pb_row_inner][et_pb_row_inner use_custom_gutter=&#8221;on&#8221; gutter_width=&#8221;1&#8243; make_equal=&#8221;on&#8221; _builder_version=&#8221;4.16&#8243; custom_padding=&#8221;0px||0px||true|false&#8221; global_colors_info=&#8221;{}&#8221;][et_pb_column_inner saved_specialty_column_type=&#8221;1_2&#8243; _builder_version=&#8221;4.16&#8243; custom_padding=&#8221;40px|30px|40px|30px|true|true&#8221; pac_dcm_carousel_specific_module_num=&#8221;0&#8243; border_width_all=&#8221;1px&#8221; border_color_all=&#8221;#cccccc&#8221; border_width_top=&#8221;0px&#8221; global_colors_info=&#8221;{}&#8221;][et_pb_blurb title=&#8221;Relationship-Builders&#8221; image_icon_background_color=&#8221;RGBA(255,255,255,0)&#8221; icon_placement=&#8221;left&#8221; _builder_version=&#8221;4.19.5&#8243; global_colors_info=&#8221;{}&#8221; child_filter_invert__hover=&#8221;100%&#8221; child_filter_invert__hover_enabled=&#8221;on|hover&#8221;]<\/p>\n<p><span>Notre \u00e9thique de travail repose sur une communication claire, la confiance et la loyaut\u00e9 envers nos clients. <\/span><span>Nous sommes fid\u00e8les \u00e0 notre parole et faisons un effort suppl\u00e9mentaire pour nos clients. Nos valeurs font la diff\u00e9rence sur le march\u00e9 et profitent \u00e0 nos clients de la meilleure fa\u00e7on possible.<\/span><\/p>\n<p>[\/et_pb_blurb][\/et_pb_column_inner][\/et_pb_row_inner][et_pb_row_inner use_custom_gutter=&#8221;on&#8221; gutter_width=&#8221;1&#8243; make_equal=&#8221;on&#8221; _builder_version=&#8221;4.19.5&#8243; custom_padding=&#8221;0px||0px||true|false&#8221; global_colors_info=&#8221;{}&#8221;][et_pb_column_inner saved_specialty_column_type=&#8221;1_2&#8243; module_class=&#8221;dct_hvr&#8221; _builder_version=&#8221;4.19.5&#8243; custom_padding=&#8221;40px|30px|40px|30px|true|true&#8221; pac_dcm_carousel_specific_module_num=&#8221;0&#8243; border_width_all=&#8221;1px&#8221; border_color_all=&#8221;#cccccc&#8221; border_width_top=&#8221;0px&#8221; global_colors_info=&#8221;{}&#8221;][et_pb_blurb title=&#8221;Quality-Driven&#8221; icon_placement=&#8221;left&#8221; _builder_version=&#8221;4.19.5&#8243; child_filter_invert=&#8221;100%&#8221; global_colors_info=&#8221;{}&#8221;]<\/p>\n<p>Nous nous engageons \u00e0 nous am\u00e9liorer continuellement, \u00e0 am\u00e9liorer notre entreprise et la vie de nos clients gr\u00e2ce \u00e0 un commerce international diversifi\u00e9.<\/p>\n<p>[\/et_pb_blurb][\/et_pb_column_inner][\/et_pb_row_inner][\/et_pb_column][\/et_pb_section]<\/p>","protected":false},"excerpt":{"rendered":"<p>A global B2B platform on a mission to bring people together Home about-usABOUT ISOLICIA At Isolicia, we help buyers find, connect and manage the best-matching American products from farmers, manufacturers, and suppliers to improve productivity and profitability. We have a dedicated experienced team of export trading specialists, ingredient specialists, international relationship specialists, and logistics experts with unmatched global scale and deeply rooted relationships. We work to innovate and develop ways to put quality food on the table, connect international buyers, increase sustainability where we operate, strengthen global food security, and help communities prosperWe believe in the power of people. We aim to connect diverse people, cultures, races, ethnicities, countries, religions, and political backgrounds as a team to build mutually-beneficial bridges and promote peaceful commercial exchange. We are committed to advancing diversity, equity, and inclusion.Our work ethic is rooted in clear communication, trust, and loyalty to our clients. We are faithful to our word and go the extra mile for our clients. Our values make a difference in the market and benefit our clients in the best way possible.We&#8217;re dedicated to continually improving ourselves, our business, and our clients&#8217; lives through diverse international trade.<\/p>","protected":false},"author":2,"featured_media":0,"parent":0,"menu_order":0,"comment_status":"closed","ping_status":"closed","template":"","meta":{"_acf_changed":false,"_seopress_robots_primary_cat":"","_seopress_titles_title":"","_seopress_titles_desc":"","_seopress_robots_index":"","_et_pb_use_builder":"on","_et_pb_old_content":"","_et_gb_content_width":"","footnotes":""},"class_list":["post-97985","page","type-page","status-publish","hentry"],"acf":[],"_links":{"self":[{"href":"https:\/\/isolicia.com\/fr\/wp-json\/wp\/v2\/pages\/97985","targetHints":{"allow":["GET"]}}],"collection":[{"href":"https:\/\/isolicia.com\/fr\/wp-json\/wp\/v2\/pages"}],"about":[{"href":"https:\/\/isolicia.com\/fr\/wp-json\/wp\/v2\/types\/page"}],"author":[{"embeddable":true,"href":"https:\/\/isolicia.com\/fr\/wp-json\/wp\/v2\/users\/2"}],"replies":[{"embeddable":true,"href":"https:\/\/isolicia.com\/fr\/wp-json\/wp\/v2\/comments?post=97985"}],"version-history":[{"count":0,"href":"https:\/\/isolicia.com\/fr\/wp-json\/wp\/v2\/pages\/97985\/revisions"}],"wp:attachment":[{"href":"https:\/\/isolicia.com\/fr\/wp-json\/wp\/v2\/media?parent=97985"}],"curies":[{"name":"wp","href":"https:\/\/api.w.org\/{rel}","templated":true}]}}