{"id":95761,"date":"2020-03-22T16:49:52","date_gmt":"2020-03-22T21:49:52","guid":{"rendered":"https:\/\/isolicia.com\/?page_id=13"},"modified":"2023-02-21T13:47:49","modified_gmt":"2023-02-21T19:47:49","slug":"home","status":"publish","type":"page","link":"https:\/\/isolicia.com\/fr\/","title":{"rendered":"Maison"},"content":{"rendered":"<p>[et_pb_section fb_built=&#8221;1&#8243; fullwidth=&#8221;on&#8221; _builder_version=&#8221;4.10.4&#8243; bottom_divider_style=&#8221;slant2&#8243; bottom_divider_color=&#8221;#FFFFFF&#8221; global_module=&#8221;92229&#8243; saved_tabs=&#8221;all&#8221; global_colors_info=&#8221;{}&#8221;][et_pb_fullwidth_slider show_pagination=&#8221;off&#8221; module_class=&#8221;dct_slider_v3&#8243; _builder_version=&#8221;4.19.5&#8243; content_width=&#8221;100%&#8221; global_colors_info=&#8221;{}&#8221;][et_pb_slide heading=&#8221;international trade partners&#8221; _builder_version=&#8221;4.19.5&#8243; header_font=&#8221;|||on|||||&#8221; header_font_size=&#8221;38px&#8221; body_font=&#8221;|||on|||||&#8221; background_color=&#8221;rgba(0,0,0,0.59)&#8221; background_enable_color=&#8221;on&#8221; background_image=&#8221;https:\/\/isolicia.com\/wp-content\/uploads\/2023\/02\/Untitled-design-11.jpg&#8221; background_enable_image=&#8221;on&#8221; background_blend=&#8221;overlay&#8221; text_orientation=&#8221;center&#8221; hover_enabled=&#8221;0&#8243; global_colors_info=&#8221;{}&#8221; body_font_size__hover_enabled=&#8221;on|desktop&#8221; sticky_transition=&#8221;on&#8221; sticky_enabled=&#8221;0&#8243;]<\/p>\n<h3>Livrer des produits am\u00e9ricains au monde<\/h3>\n<p><span style=\"font-size: large;\"> \u00cates-vous un d\u00e9taillant, un grossiste, un agent ou un distributeur \u00e0 l&#039;\u00e9tranger\u00a0? Nous vous connectons avec des fabricants am\u00e9ricains pour atteindre vos objectifs commerciaux.<\/span><\/p>\n<p>[\/et_pb_slide][\/et_pb_fullwidth_slider][\/et_pb_section][et_pb_section fb_built=&#8221;1&#8243; _builder_version=&#8221;4.16&#8243; custom_padding=&#8221;22px||0px||false|false&#8221; global_colors_info=&#8221;{}&#8221;][et_pb_row _builder_version=&#8221;4.19.5&#8243; background_size=&#8221;initial&#8221; background_position=&#8221;top_left&#8221; background_repeat=&#8221;repeat&#8221; width=&#8221;90%&#8221; max_width=&#8221;2560px&#8221; global_colors_info=&#8221;{}&#8221;][et_pb_column type=&#8221;4_4&#8243; _builder_version=&#8221;4.16&#8243; pac_dcm_carousel_specific_module_num=&#8221;0&#8243; global_colors_info=&#8221;{}&#8221;][et_pb_text module_class=&#8221;dct_s_title&#8221; _builder_version=&#8221;4.19.5&#8243; global_colors_info=&#8221;{}&#8221;]<\/p>\n<h4>CE QUE NOUS FAISONS<\/h4>\n<h3>Une approche \u00e9quilibr\u00e9e<\/h3>\n<p><span>Acheminez votre produit des \u00c9tats-Unis jusqu&#039;\u00e0 sa destination \u00e0 temps et sans tracas\u00a0!<br \/>L&#039;\u00e9quipe d&#039;Isolicia se consacre \u00e0 fournir des services fiables et efficaces pour exporter votre produit \u00e0 travers le monde. Nous sommes passionn\u00e9s de vous aider \u00e0 r\u00e9ussir dans ce march\u00e9 de plus en plus concurrentiel, alors laissez-nous vous aider \u00e0 transformer vos r\u00eaves d&#039;exportation en r\u00e9alit\u00e9.<\/span><\/p>\n<p>[\/et_pb_text][\/et_pb_column][\/et_pb_row][\/et_pb_section][et_pb_section fb_built=&#8221;1&#8243; _builder_version=&#8221;4.19.5&#8243; custom_padding=&#8221;0px||0px|||&#8221; global_module=&#8221;93928&#8243; saved_tabs=&#8221;all&#8221; global_colors_info=&#8221;{}&#8221;][et_pb_row column_structure=&#8221;1_3,1_3,1_3&#8243; use_custom_gutter=&#8221;on&#8221; gutter_width=&#8221;2&#8243; make_equal=&#8221;on&#8221; _builder_version=&#8221;4.19.5&#8243; width=&#8221;90%&#8221; width_tablet=&#8221;&#8221; width_phone=&#8221;100%&#8221; width_last_edited=&#8221;on|phone&#8221; max_width=&#8221;2560px&#8221; custom_padding=&#8221;0px|||||&#8221; global_colors_info=&#8221;{}&#8221;][et_pb_column type=&#8221;1_3&#8243; _builder_version=&#8221;4.16&#8243; pac_dcm_carousel_specific_module_num=&#8221;0&#8243; global_colors_info=&#8221;{}&#8221;][et_pb_blurb title=&#8221;Import\/Export Consulting&#8221; image=&#8221;https:\/\/isolicia.com\/wp-content\/uploads\/2023\/02\/Home-Page-Service-Images.jpg&#8221; image_icon_width=&#8221;100%&#8221; module_class=&#8221;dct_blurb_v2&#8243; _builder_version=&#8221;4.19.5&#8243; header_font_size=&#8221;20px&#8221; body_font_size=&#8221;16px&#8221; global_colors_info=&#8221;{}&#8221;]<\/p>\n<p>Ne passez pas par le processus d&#039;exportation seul. Nos experts peuvent offrir des consultations personnalis\u00e9es et individuelles pour s&#039;assurer que vous comprenez les exigences en mati\u00e8re de licences, les num\u00e9ros de l&#039;annexe B, le d\u00e9douanement \u00e0 l&#039;\u00e9tranger, etc.<\/p>\n<p>[\/et_pb_blurb][\/et_pb_column][et_pb_column type=&#8221;1_3&#8243; _builder_version=&#8221;4.16&#8243; pac_dcm_carousel_specific_module_num=&#8221;0&#8243; global_colors_info=&#8221;{}&#8221;][et_pb_blurb title=&#8221;export Preparation&#8221; image=&#8221;https:\/\/isolicia.com\/wp-content\/uploads\/2023\/02\/Home-Page-Service-Images-1.jpg&#8221; module_class=&#8221;dct_blurb_v2&#8243; _builder_version=&#8221;4.19.5&#8243; header_font_size=&#8221;20px&#8221; body_font_size=&#8221;16px&#8221; global_colors_info=&#8221;{}&#8221;]<\/p>\n<p><span>Nos experts comp\u00e9tents peuvent vous aider avec toute la gamme des besoins li\u00e9s \u00e0 l&#039;exportation - de la conformit\u00e9 et du d\u00e9p\u00f4t AES \u00e0 l&#039;octroi de licences, au contr\u00f4le des exportations et au-del\u00e0. Laissez-nous vous aider \u00e0 sortir votre envoi du port rapidement et sans accroc !<\/span><\/p>\n<p>[\/et_pb_blurb][\/et_pb_column][et_pb_column type=&#8221;1_3&#8243; _builder_version=&#8221;4.16&#8243; pac_dcm_carousel_specific_module_num=&#8221;0&#8243; global_colors_info=&#8221;{}&#8221;][et_pb_blurb title=&#8221;Food products&#8221; image=&#8221;https:\/\/isolicia.com\/wp-content\/uploads\/2023\/02\/Home-Page-Service-Images-2.jpg&#8221; module_class=&#8221;dct_blurb_v2&#8243; _builder_version=&#8221;4.19.5&#8243; header_font_size=&#8221;20px&#8221; global_colors_info=&#8221;{}&#8221;]<\/p>\n<p><span>When it comes to food, there&#8217;s no time to waste. Put your trust in Isolicia and let us help accelerate critical timelines. We can get you fast clearance for fruits and vegetables, cereal grains, biofuels, and equipment \u2013 all with reduced wait times!<\/span><\/p>\n<p>[\/et_pb_blurb][\/et_pb_column][\/et_pb_row][\/et_pb_section][et_pb_section fb_built=&#8221;1&#8243; make_equal=&#8221;on&#8221; use_custom_gutter=&#8221;on&#8221; gutter_width=&#8221;2&#8243; specialty=&#8221;on&#8221; prev_background_color=&#8221;#ffffff&#8221; next_background_color=&#8221;#ffffff&#8221; module_id=&#8221;dct_s_abt_v3&#8243; module_class=&#8221;dct_plx&#8221; _builder_version=&#8221;4.19.5&#8243; background_color=&#8221;rgba(0,0,0,0)&#8221; background_image=&#8221;https:\/\/isolicia.com\/wp-content\/uploads\/2023\/02\/Shipping-Containers-for-Home-Background.png&#8221; parallax=&#8221;on&#8221; inner_width=&#8221;90%&#8221; inner_max_width=&#8221;1200px&#8221; custom_padding=&#8221;142px||138px|||&#8221; top_divider_style=&#8221;slant2&#8243; bottom_divider_style=&#8221;slant2&#8243; hover_enabled=&#8221;0&#8243; global_colors_info=&#8221;{}&#8221; title_text=&#8221;Shipping Containers for Home Background&#8221; sticky_enabled=&#8221;0&#8243;][et_pb_column type=&#8221;1_2&#8243; specialty_columns=&#8221;2&#8243; _builder_version=&#8221;4.16&#8243; custom_padding=&#8221;|||&#8221; pac_dcm_carousel_specific_module_num=&#8221;0&#8243; global_colors_info=&#8221;{}&#8221; custom_padding__hover=&#8221;|||&#8221;][et_pb_row_inner column_structure=&#8221;undefined&#8221; _builder_version=&#8221;4.19.5&#8243; custom_padding=&#8221;||15px||false|false&#8221; global_colors_info=&#8221;{}&#8221;][et_pb_column_inner type=&#8221;undefined&#8221; saved_specialty_column_type=&#8221;1_2&#8243; module_class=&#8221;dct_abt_cl&#8221; _builder_version=&#8221;4.19.5&#8243; pac_dcm_carousel_specific_module_num=&#8221;0&#8243; global_colors_info=&#8221;{}&#8221;][et_pb_image src=&#8221;https:\/\/isolicia.com\/wp-content\/uploads\/2023\/02\/Untitled-design-12.jpg&#8221; title_text=&#8221;Untitled design (12)&#8221; _builder_version=&#8221;4.19.5&#8243; hover_transition_duration=&#8221;0ms&#8221; global_colors_info=&#8221;{}&#8221;][\/et_pb_image][\/et_pb_column_inner][\/et_pb_row_inner][\/et_pb_column][et_pb_column type=&#8221;1_2&#8243; _builder_version=&#8221;4.16&#8243; custom_padding=&#8221;|||&#8221; pac_dcm_carousel_specific_module_num=&#8221;0&#8243; global_colors_info=&#8221;{}&#8221; custom_padding__hover=&#8221;|||&#8221;][et_pb_text module_class=&#8221;dct_s_title_left&#8221; _builder_version=&#8221;4.19.5&#8243; header_3_text_color=&#8221;#ffffff&#8221; global_colors_info=&#8221;{}&#8221;]<\/p>\n<h3 class=\"my-0.5\"><strong class=\"font-bold\">Produits agricoles am\u00e9ricains\u00a0:<br \/>Diffuser la qualit\u00e9 et la nutrition dans le monde<\/strong><\/h3>\n<p>[\/et_pb_text][et_pb_text _builder_version=&#8221;4.19.5&#8243; text_font=&#8221;||||||||&#8221; text_text_color=&#8221;#FFFFFF&#8221; global_colors_info=&#8221;{}&#8221;]<\/p>\n<p><span style=\"color: #ffffff;\">Les exportations am\u00e9ricaines ont toujours \u00e9t\u00e9 une partie importante de l&#039;\u00e9conomie mondiale, mais ces derni\u00e8res ann\u00e9es, elles sont devenues encore plus importantes. Avec une demande croissante de sources alimentaires dans le monde, l&#039;exportation de nourriture depuis les \u00c9tats-Unis est devenue une option populaire pour de nombreuses entreprises et particuliers. Des c\u00e9r\u00e9ales aux fruits et l\u00e9gumes, l&#039;exportation am\u00e9ricaine de ces produits est en forte demande dans le monde entier, offrant une excellente opportunit\u00e9 \u00e0 ceux qui cherchent \u00e0 profiter des conditions actuelles du march\u00e9.<\/span><\/p>\n<p>[\/et_pb_text][\/et_pb_column][\/et_pb_section][et_pb_section fb_built=&#8221;1&#8243; _builder_version=&#8221;4.16&#8243; custom_padding=&#8221;20px||0px||false|false&#8221; global_colors_info=&#8221;{}&#8221;][et_pb_row _builder_version=&#8221;4.19.5&#8243; background_size=&#8221;initial&#8221; background_position=&#8221;top_left&#8221; background_repeat=&#8221;repeat&#8221; width=&#8221;90%&#8221; max_width=&#8221;2560px&#8221; global_colors_info=&#8221;{}&#8221;][et_pb_column type=&#8221;4_4&#8243; _builder_version=&#8221;4.16&#8243; pac_dcm_carousel_specific_module_num=&#8221;0&#8243; global_colors_info=&#8221;{}&#8221;][et_pb_text content_phone=&#8221;<\/p>\n<h4>BEST SERVICES<\/h4>\n<h3>our Customers say<\/h3>\n<p>This is Photoshop&#8217;s version  of Lorem Ipsum. velit auctor aliquet. Aenean sollicitdin,<br \/>lorem quis bibendum auctor, nisi elit consequat ipsum.<\/p>\n<p>&#8221; content_last_edited=&#8221;off|desktop&#8221; module_class=&#8221;dct_s_title&#8221; _builder_version=&#8221;4.19.5&#8243; global_colors_info=&#8221;{}&#8221;]<\/p>\n<h4>NOUS NOUS SOUCIONS DES PERSONNES ET DES ENTREPRISES QUE NOUS SERVONS<\/h4>\n<h3>POURQUOI NOUS CHOISIR?<\/h3>\n<p>Chez Isolicia, nous aidons les acheteurs \u00e0 trouver, \u00e0 se connecter et \u00e0 g\u00e9rer avec les agriculteurs, les fabricants et les fournisseurs am\u00e9ricains pour am\u00e9liorer la productivit\u00e9 et la rentabilit\u00e9.<\/p>\n<p>[\/et_pb_text][\/et_pb_column][\/et_pb_row][\/et_pb_section][et_pb_section fb_built=&#8221;1&#8243; _builder_version=&#8221;4.16&#8243; _module_preset=&#8221;default&#8221; custom_padding=&#8221;3px|||||&#8221; global_colors_info=&#8221;{}&#8221;][\/et_pb_section][et_pb_section fb_built=&#8221;1&#8243; _builder_version=&#8221;4.16&#8243; background_color=&#8221;rgba(0,0,0,0)&#8221; custom_margin=&#8221;-150px||||false|false&#8221; custom_padding=&#8221;47px||||false|false&#8221; global_colors_info=&#8221;{}&#8221;][et_pb_row column_structure=&#8221;1_3,1_3,1_3&#8243; use_custom_gutter=&#8221;on&#8221; gutter_width=&#8221;1&#8243; make_equal=&#8221;on&#8221; _builder_version=&#8221;4.19.5&#8243; background_color=&#8221;#ffffff&#8221; width=&#8221;90%&#8221; max_width=&#8221;2560px&#8221; custom_margin=&#8221;|auto|-5px|auto||&#8221; custom_padding=&#8221;0px|0px|0px|0px|false|true&#8221; border_radii=&#8221;on|0px|0px|0px|0px&#8221; border_width_bottom=&#8221;1px&#8221; border_color_bottom=&#8221;#e4e4e4;&#8221; global_colors_info=&#8221;{}&#8221;][et_pb_column type=&#8221;1_3&#8243; _builder_version=&#8221;4.19.5&#8243; background_image=&#8221;https:\/\/isolicia.com\/wp-content\/uploads\/2023\/02\/1.jpg&#8221; custom_padding=&#8221;30px|30px|30px|30px|true|true&#8221; pac_dcm_carousel_specific_module_num=&#8221;0&#8243; border_width_right=&#8221;1px&#8221; border_color_right=&#8221;#e4e4e4;&#8221; global_colors_info=&#8221;{}&#8221;][\/et_pb_column][et_pb_column type=&#8221;1_3&#8243; module_class=&#8221;dct_service_v4&#8243; _builder_version=&#8221;4.16&#8243; custom_padding=&#8221;30px|30px|30px|30px|true|true&#8221; pac_dcm_carousel_specific_module_num=&#8221;0&#8243; border_width_right=&#8221;1px&#8221; border_color_right=&#8221;#e4e4e4;&#8221; global_colors_info=&#8221;{}&#8221;][et_pb_blurb title=&#8221;Healthy Food&#8221; use_icon=&#8221;on&#8221; font_icon=&#8221;&#xf578;||fa||900&#8243; icon_color=&#8221;#F06543&#8243; _builder_version=&#8221;4.19.5&#8243; header_font_size=&#8221;20px&#8221; body_font_size=&#8221;16px&#8221; custom_margin=&#8221;||1px|||&#8221; custom_padding=&#8221;||26px|||&#8221; global_colors_info=&#8221;{}&#8221;]<\/p>\n<p><span>Une alimentation saine ne devrait jamais \u00eatre un luxe. Nous travaillons avec les fabricants et les agriculteurs pour fournir du bl\u00e9, des c\u00e9r\u00e9ales, des graines ol\u00e9agineuses et plus encore pour aider \u00e0 nourrir le monde.<\/span><\/p>\n<p>[\/et_pb_blurb][\/et_pb_column][et_pb_column type=&#8221;1_3&#8243; _builder_version=&#8221;4.19.5&#8243; background_image=&#8221;https:\/\/isolicia.com\/wp-content\/uploads\/2023\/02\/2.jpg&#8221; custom_padding=&#8221;30px|30px|30px|30px|true|true&#8221; pac_dcm_carousel_specific_module_num=&#8221;0&#8243; global_colors_info=&#8221;{}&#8221;][\/et_pb_column][\/et_pb_row][et_pb_row column_structure=&#8221;1_3,1_3,1_3&#8243; use_custom_gutter=&#8221;on&#8221; gutter_width=&#8221;1&#8243; make_equal=&#8221;on&#8221; _builder_version=&#8221;4.19.5&#8243; background_color=&#8221;#ffffff&#8221; width=&#8221;90%&#8221; max_width=&#8221;2560px&#8221; custom_margin=&#8221;|auto|0px|auto|false|false&#8221; custom_padding=&#8221;4px|0px|4px|0px|true|true&#8221; custom_css_main_element=&#8221;overflow: hidden;&#8221; global_colors_info=&#8221;{}&#8221;][et_pb_column type=&#8221;1_3&#8243; module_class=&#8221;dct_service_v4&#8243; _builder_version=&#8221;4.16&#8243; custom_padding=&#8221;30px|30px|30px|30px|true|true&#8221; pac_dcm_carousel_specific_module_num=&#8221;0&#8243; border_width_right=&#8221;1px&#8221; border_color_right=&#8221;#e4e4e4;&#8221; global_colors_info=&#8221;{}&#8221;][et_pb_blurb title=&#8221;SUPERIOR LOGISTICS&#8221; use_icon=&#8221;on&#8221; font_icon=&#8221;&#xe0df;||divi||400&#8243; icon_color=&#8221;#F06543&#8243; _builder_version=&#8221;4.19.5&#8243; header_font_size=&#8221;20px&#8221; body_font_size=&#8221;16px&#8221; global_colors_info=&#8221;{}&#8221;]<\/p>\n<p><span>Les consommateurs internationaux b\u00e9n\u00e9ficient de l&#039;itin\u00e9raire le plus efficace vers le march\u00e9 en utilisant notre r\u00e9seau de transitaires avec les meilleurs tarifs.<\/span><\/p>\n<p>[\/et_pb_blurb][\/et_pb_column][et_pb_column type=&#8221;1_3&#8243; _builder_version=&#8221;4.19.5&#8243; background_image=&#8221;https:\/\/isolicia.com\/wp-content\/uploads\/2023\/02\/4.jpg&#8221; custom_padding=&#8221;30px|30px|30px|30px|true|true&#8221; pac_dcm_carousel_specific_module_num=&#8221;0&#8243; border_width_right=&#8221;1px&#8221; border_color_right=&#8221;#e4e4e4;&#8221; global_colors_info=&#8221;{}&#8221;][\/et_pb_column][et_pb_column type=&#8221;1_3&#8243; module_class=&#8221;dct_service_v4&#8243; _builder_version=&#8221;4.16&#8243; custom_padding=&#8221;30px|30px|30px|30px|true|true&#8221; pac_dcm_carousel_specific_module_num=&#8221;0&#8243; global_colors_info=&#8221;{}&#8221;][et_pb_blurb title=&#8221;Fast Shipping&#8221; use_icon=&#8221;on&#8221; font_icon=&#8221;&#xf21a;||fa||900&#8243; icon_color=&#8221;#F06543&#8243; _builder_version=&#8221;4.19.5&#8243; header_font_size=&#8221;20px&#8221; body_font_size=&#8221;16px&#8221; custom_margin=&#8221;||14px|||&#8221; global_colors_info=&#8221;{}&#8221;]<\/p>\n<div class=\"break-words markdown-formatted-text\">\n<p class=\"my-0.5\">Avec une exp\u00e9dition internationale rapide, Isolicia apporte qualit\u00e9 et nutrition aux gens du monde entier.<\/p>\n<\/div>\n<p>[\/et_pb_blurb][\/et_pb_column][\/et_pb_row][\/et_pb_section][et_pb_section fb_built=&#8221;1&#8243; custom_padding_last_edited=&#8221;on|tablet&#8221; prev_background_color=&#8221;rgba(0,0,0,0)&#8221; next_background_color=&#8221;#ffffff&#8221; _builder_version=&#8221;4.19.5&#8243; background_color=&#8221;rgba(0,0,0,0.56)&#8221; background_image=&#8221;https:\/\/isolicia.com\/wp-content\/uploads\/2023\/02\/Hero-Images-1.jpg&#8221; background_blend=&#8221;overlay&#8221; custom_padding=&#8221;49px|||||&#8221; custom_padding_tablet=&#8221;0px||0px||true|false&#8221; custom_padding_phone=&#8221;&#8221; top_divider_style=&#8221;slant2&#8243; bottom_divider_style=&#8221;slant2&#8243; global_module=&#8221;98890&#8243; saved_tabs=&#8221;all&#8221; global_colors_info=&#8221;{}&#8221;][et_pb_row column_structure=&#8221;1_2,1_2&#8243; use_custom_gutter=&#8221;on&#8221; gutter_width=&#8221;2&#8243; make_equal=&#8221;on&#8221; _builder_version=&#8221;4.19.5&#8243; width=&#8221;90%&#8221; max_width=&#8221;2560px&#8221; custom_padding=&#8221;50px||50px||true|false&#8221; global_colors_info=&#8221;{}&#8221;][et_pb_column type=&#8221;1_2&#8243; _builder_version=&#8221;4.19.5&#8243; background_enable_color=&#8221;off&#8221; custom_padding=&#8221;15px|15px|15px|15px|true|true&#8221; pac_dcm_carousel_specific_module_num=&#8221;0&#8243; border_radii=&#8221;on|5px|5px|5px|5px&#8221; border_radii_tablet=&#8221;on|0px|0px|0px|0px&#8221; border_radii_phone=&#8221;&#8221; border_radii_last_edited=&#8221;on|tablet&#8221; global_colors_info=&#8221;{}&#8221;][et_pb_blurb title=&#8221;REQUEST A QUOTE&#8221; url=&#8221;@ET-DC@eyJkeW5hbWljIjp0cnVlLCJjb250ZW50IjoicG9zdF9saW5rX3VybF9wYWdlIiwic2V0dGluZ3MiOnsicG9zdF9pZCI6IjIxNTkwNiJ9fQ==@&#8221; use_icon=&#8221;on&#8221; font_icon=&#8221;&#xf653;||fa||900&#8243; icon_color=&#8221;#F06543&#8243; _builder_version=&#8221;4.19.5&#8243; _dynamic_attributes=&#8221;url&#8221; _module_preset=&#8221;default&#8221; header_text_color=&#8221;#E8E9EB&#8221; header_font_size=&#8221;31px&#8221; body_text_color=&#8221;#E8E9EB&#8221; body_font_size=&#8221;19px&#8221; text_orientation=&#8221;center&#8221; global_colors_info=&#8221;{}&#8221; header_text_color__hover_enabled=&#8221;on|hover&#8221; header_text_color__hover=&#8221;#F06543&#8243;]<\/p>\n<p style=\"text-align: center;\">Never guess the price again &#8211; plan your export\/import costs in advance!<\/p>\n<p>[\/et_pb_blurb][\/et_pb_column][et_pb_column type=&#8221;1_2&#8243; _builder_version=&#8221;4.19.5&#8243; background_enable_color=&#8221;off&#8221; custom_padding=&#8221;15px|15px|15px|15px|true|true&#8221; pac_dcm_carousel_specific_module_num=&#8221;0&#8243; border_radii=&#8221;on|5px|5px|5px|5px&#8221; border_radii_tablet=&#8221;on|0px|0px|0px|0px&#8221; border_radii_phone=&#8221;&#8221; border_radii_last_edited=&#8221;on|tablet&#8221; global_colors_info=&#8221;{}&#8221;][et_pb_blurb title=&#8221;Contact us&#8221; url=&#8221;@ET-DC@eyJkeW5hbWljIjp0cnVlLCJjb250ZW50IjoicG9zdF9saW5rX3VybF9wYWdlIiwic2V0dGluZ3MiOnsicG9zdF9pZCI6IjIxNTkwOSJ9fQ==@&#8221; use_icon=&#8221;on&#8221; font_icon=&#8221;&#xf2b9;||fa||900&#8243; icon_color=&#8221;#F06543&#8243; _builder_version=&#8221;4.19.5&#8243; _dynamic_attributes=&#8221;url&#8221; _module_preset=&#8221;default&#8221; header_text_color=&#8221;#E8E9EB&#8221; header_font_size=&#8221;31px&#8221; body_text_color=&#8221;#E8E9EB&#8221; body_font_size=&#8221;19px&#8221; text_orientation=&#8221;center&#8221; global_colors_info=&#8221;{}&#8221; header_text_color__hover_enabled=&#8221;on|hover&#8221; header_text_color__hover=&#8221;#F06543&#8243;]<\/p>\n<p style=\"text-align: center;\">Our experts in international export\/import are ready to help you navigate global logistics and regulations.<\/p>\n<p>[\/et_pb_blurb][\/et_pb_column][\/et_pb_row][\/et_pb_section][et_pb_section fb_built=&#8221;1&#8243; _builder_version=&#8221;4.16&#8243; custom_padding=&#8221;14px||0px||false|false&#8221; global_colors_info=&#8221;{}&#8221;][et_pb_row _builder_version=&#8221;4.19.5&#8243; background_size=&#8221;initial&#8221; background_position=&#8221;top_left&#8221; background_repeat=&#8221;repeat&#8221; width=&#8221;90%&#8221; max_width=&#8221;2560px&#8221; global_colors_info=&#8221;{}&#8221;][et_pb_column type=&#8221;4_4&#8243; _builder_version=&#8221;4.16&#8243; pac_dcm_carousel_specific_module_num=&#8221;0&#8243; global_colors_info=&#8221;{}&#8221;][et_pb_text module_class=&#8221;dct_s_title&#8221; _builder_version=&#8221;4.19.5&#8243; global_colors_info=&#8221;{}&#8221;]<\/p>\n<h4>Ressources<\/h4>\n<h3>DERNI\u00c8RES NOUVELLES<\/h3>\n<p><span>Vous \u00eates curieux du monde de l&#039;exportation internationale ? Si oui, alors vous \u00eates au bon endroit ! Notre blog sur Isolicia vise \u00e0 aider les gens \u00e0 en savoir plus sur cette industrie en pleine croissance.<\/span><\/p>\n<p>[\/et_pb_text][\/et_pb_column][\/et_pb_row][\/et_pb_section][et_pb_section fb_built=&#8221;1&#8243; _builder_version=&#8221;4.16&#8243; custom_padding=&#8221;9px||0px|||&#8221; global_colors_info=&#8221;{}&#8221;][et_pb_row use_custom_gutter=&#8221;on&#8221; gutter_width=&#8221;2&#8243; make_equal=&#8221;on&#8221; _builder_version=&#8221;4.19.5&#8243; width=&#8221;90%&#8221; max_width=&#8221;2560px&#8221; custom_padding=&#8221;0px|||||&#8221; global_colors_info=&#8221;{}&#8221;][et_pb_column type=&#8221;4_4&#8243; _builder_version=&#8221;4.16&#8243; pac_dcm_carousel_specific_module_num=&#8221;0&#8243; global_colors_info=&#8221;{}&#8221;][et_pb_blog fullwidth=&#8221;off&#8221; posts_number=&#8221;3&#8243; meta_date=&#8221;m F&#8221; excerpt_length=&#8221;120&#8243; show_author=&#8221;off&#8221; show_pagination=&#8221;off&#8221; use_overlay=&#8221;on&#8221; hover_icon=&#8221;&#xe02b;||divi||400&#8243; module_class=&#8221;dct_news_v1&#8243; _builder_version=&#8221;4.19.5&#8243; global_colors_info=&#8221;{}&#8221;][\/et_pb_blog][\/et_pb_column][\/et_pb_row][\/et_pb_section]<\/p>","protected":false},"excerpt":{"rendered":"<p>Delivering U.S. Products To The World Are you an overseas retailer, wholesaler, agent, or distributor? We connect you with american manufacturers to achieve your business goals.WHAT WE DO A balanced approach Get your product from the United States to its destination on time and hassle-free!The Isolicia team is dedicated to providing reliable and efficient services for exporting your product across the globe. We are passionate about helping you find success in this increasingly competitive market, so let us help you turn your exporting dreams into reality.Don\u2019t go through the export process alone. Our experts can offer personalized, 1-on-1 consultations to\u00a0ensure you understand licensing requirements, schedule B numbers, foreign customs clearance, and more.Our knowledgeable experts can help you with the full range of export related needs \u2013 from compliance and AES filing to licensing, export screening and beyond. Let us assist you in getting your shipment out of port quickly and without a hitch!When it comes to food, there&#8217;s no time to waste. Put your trust in Isolicia and let us help accelerate critical timelines. We can get you fast clearance for fruits and vegetables, cereal grains, biofuels, and equipment \u2013 all with reduced wait times!American Agricultural Products:Spreading Quality &amp; Nutrition [&hellip;]<\/p>","protected":false},"author":1,"featured_media":0,"parent":215903,"menu_order":0,"comment_status":"closed","ping_status":"closed","template":"","meta":{"_acf_changed":false,"_seopress_robots_primary_cat":"","_seopress_titles_title":"Isoclicia | Helping Customers Connect with US Manufacturers","_seopress_titles_desc":"","_seopress_robots_index":"","_et_pb_use_builder":"on","_et_pb_old_content":"","_et_gb_content_width":"","footnotes":""},"class_list":["post-95761","page","type-page","status-publish","hentry"],"acf":[],"_links":{"self":[{"href":"https:\/\/isolicia.com\/fr\/wp-json\/wp\/v2\/pages\/95761","targetHints":{"allow":["GET"]}}],"collection":[{"href":"https:\/\/isolicia.com\/fr\/wp-json\/wp\/v2\/pages"}],"about":[{"href":"https:\/\/isolicia.com\/fr\/wp-json\/wp\/v2\/types\/page"}],"author":[{"embeddable":true,"href":"https:\/\/isolicia.com\/fr\/wp-json\/wp\/v2\/users\/1"}],"replies":[{"embeddable":true,"href":"https:\/\/isolicia.com\/fr\/wp-json\/wp\/v2\/comments?post=95761"}],"version-history":[{"count":0,"href":"https:\/\/isolicia.com\/fr\/wp-json\/wp\/v2\/pages\/95761\/revisions"}],"up":[{"embeddable":true,"href":"https:\/\/isolicia.com\/fr\/wp-json\/wp\/v2\/pages\/215903"}],"wp:attachment":[{"href":"https:\/\/isolicia.com\/fr\/wp-json\/wp\/v2\/media?parent=95761"}],"curies":[{"name":"wp","href":"https:\/\/api.w.org\/{rel}","templated":true}]}}