{"id":216015,"date":"2023-02-03T10:39:32","date_gmt":"2023-02-03T16:39:32","guid":{"rendered":"https:\/\/isolicia.com\/?page_id=216015"},"modified":"2023-02-15T06:03:21","modified_gmt":"2023-02-15T12:03:21","slug":"for-buyers","status":"publish","type":"page","link":"https:\/\/isolicia.com\/fr\/pour-les-acheteurs\/","title":{"rendered":"Pour les acheteurs"},"content":{"rendered":"<p>[et_pb_section fb_built=&#8221;1&#8243; custom_padding_last_edited=&#8221;on|tablet&#8221; _builder_version=&#8221;4.19.5&#8243; background_color=&#8221;rgba(0,0,0,0.61)&#8221; background_color_gradient_direction=&#8221;90deg&#8221; background_image=&#8221;https:\/\/isolicia.com\/wp-content\/uploads\/2023\/02\/Website-Page-Headers-1.jpg&#8221; background_position=&#8221;bottom_center&#8221; background_blend=&#8221;overlay&#8221; custom_padding=&#8221;110px||||false|false&#8221; custom_padding_tablet=&#8221;54px||||false|false&#8221; custom_padding_phone=&#8221;&#8221; custom_css_main_element=&#8221;background-color: #f8f8f8;||box-shadow: inset 0 -1px 0 0 rgba(0, 0, 0, 0.045), inset 0 1px 0 0 rgba(0, 0, 0, 0.045);&#8221; global_colors_info=&#8221;{}&#8221;][et_pb_row column_structure=&#8221;1_2,1_2&#8243; use_custom_gutter=&#8221;on&#8221; gutter_width=&#8221;2&#8243; make_equal=&#8221;on&#8221; module_class=&#8221;dct_p_title&#8221; _builder_version=&#8221;4.19.5&#8243; width=&#8221;90%&#8221; max_width=&#8221;2560px&#8221; custom_padding=&#8221;0px||0px||true|false&#8221; hover_enabled=&#8221;0&#8243; global_colors_info=&#8221;{}&#8221; sticky_enabled=&#8221;0&#8243;][et_pb_column type=&#8221;1_2&#8243; _builder_version=&#8221;4.16&#8243; pac_dcm_carousel_specific_module_num=&#8221;0&#8243; global_colors_info=&#8221;{}&#8221;][et_pb_cta title=&#8221;@ET-DC@eyJkeW5hbWljIjp0cnVlLCJjb250ZW50IjoicG9zdF90aXRsZSIsInNldHRpbmdzIjp7ImJlZm9yZSI6IiIsImFmdGVyIjoiIn19@&#8221; _builder_version=&#8221;4.19.5&#8243; _dynamic_attributes=&#8221;title&#8221; header_font_size=&#8221;50px&#8221; use_background_color=&#8221;off&#8221; text_orientation=&#8221;left&#8221; global_colors_info=&#8221;{}&#8221;]<\/p>\n<p>Coordonner la livraison de produits am\u00e9ricains de haute qualit\u00e9<\/p>\n<p>[\/et_pb_cta][\/et_pb_column][et_pb_column type=&#8221;1_2&#8243; _builder_version=&#8221;4.16&#8243; pac_dcm_carousel_specific_module_num=&#8221;0&#8243; global_colors_info=&#8221;{}&#8221;][et_pb_text _builder_version=&#8221;4.16&#8243; text_orientation=&#8221;right&#8221; global_colors_info=&#8221;{}&#8221;]<\/p>\n<ul>\n<li><a href=\"https:\/\/isolicia.com\/fr\/\">Maison<\/a><\/li>\n<li>Prestations de service<\/li>\n<\/ul>\n<p>[\/et_pb_text][\/et_pb_column][\/et_pb_row][\/et_pb_section][et_pb_section fb_built=&#8221;1&#8243; make_equal=&#8221;on&#8221; use_custom_gutter=&#8221;on&#8221; gutter_width=&#8221;2&#8243; specialty=&#8221;on&#8221; module_id=&#8221;dct_s_service_v1&#8243; _builder_version=&#8221;4.16&#8243; inner_width=&#8221;90%&#8221; inner_max_width=&#8221;1170px&#8221; global_colors_info=&#8221;{}&#8221;][et_pb_column type=&#8221;1_4&#8243; _builder_version=&#8221;4.16&#8243; custom_padding=&#8221;|||&#8221; pac_dcm_carousel_specific_module_num=&#8221;0&#8243; global_colors_info=&#8221;{}&#8221; custom_padding__hover=&#8221;|||&#8221;][et_pb_text _builder_version=&#8221;4.19.5&#8243; global_colors_info=&#8221;{}&#8221;]<\/p>\n<h5>CE QUE NOUS FAISONS<\/h5>\n<p>[\/et_pb_text][et_pb_blurb title=&#8221;For Manufacturers&#8221; url=&#8221;@ET-DC@eyJkeW5hbWljIjp0cnVlLCJjb250ZW50IjoicG9zdF9saW5rX3VybF9wYWdlIiwic2V0dGluZ3MiOnsicG9zdF9pZCI6IjIxNjAxMyJ9fQ==@&#8221; use_icon=&#8221;on&#8221; font_icon=&#8221;&#xf275;||fa||900&#8243; icon_placement=&#8221;left&#8221; module_class=&#8221;dct_b_list&#8221; _builder_version=&#8221;4.19.5&#8243; _dynamic_attributes=&#8221;url,link_option_url&#8221; link_option_url=&#8221;@ET-DC@eyJkeW5hbWljIjp0cnVlLCJjb250ZW50IjoicG9zdF9saW5rX3VybF9wYWdlIiwic2V0dGluZ3MiOnsicG9zdF9pZCI6IjIxNjAxMyJ9fQ==@&#8221; global_colors_info=&#8221;{}&#8221;][\/et_pb_blurb][et_pb_blurb title=&#8221;For Buyers&#8221; use_icon=&#8221;on&#8221; font_icon=&#8221;&#xf54e;||fa||900&#8243; icon_placement=&#8221;left&#8221; module_class=&#8221;dct_b_list active&#8221; _builder_version=&#8221;4.19.5&#8243; global_colors_info=&#8221;{}&#8221;][\/et_pb_blurb][et_pb_text _builder_version=&#8221;4.16&#8243; global_colors_info=&#8221;{}&#8221;]<\/p>\n<h5>Obtenir un devis<\/h5>\n<p>[\/et_pb_text][et_pb_contact_form captcha=&#8221;off&#8221; _builder_version=&#8221;4.16&#8243; _unique_id=&#8221;37acd8b0-dcb7-4f29-806e-01e169968991&#8243; custom_margin=&#8221;||40px||false|false&#8221; global_colors_info=&#8221;{}&#8221;][et_pb_contact_field field_id=&#8221;Name&#8221; field_title=&#8221;Name&#8221; fullwidth_field=&#8221;on&#8221; _builder_version=&#8221;4.16&#8243; global_colors_info=&#8221;{}&#8221; button_text_size__hover_enabled=&#8221;off&#8221; button_one_text_size__hover_enabled=&#8221;off&#8221; button_two_text_size__hover_enabled=&#8221;off&#8221; button_text_color__hover_enabled=&#8221;off&#8221; button_one_text_color__hover_enabled=&#8221;off&#8221; button_two_text_color__hover_enabled=&#8221;off&#8221; button_border_width__hover_enabled=&#8221;off&#8221; button_one_border_width__hover_enabled=&#8221;off&#8221; button_two_border_width__hover_enabled=&#8221;off&#8221; button_border_color__hover_enabled=&#8221;off&#8221; button_one_border_color__hover_enabled=&#8221;off&#8221; button_two_border_color__hover_enabled=&#8221;off&#8221; button_border_radius__hover_enabled=&#8221;off&#8221; button_one_border_radius__hover_enabled=&#8221;off&#8221; button_two_border_radius__hover_enabled=&#8221;off&#8221; button_letter_spacing__hover_enabled=&#8221;off&#8221; button_one_letter_spacing__hover_enabled=&#8221;off&#8221; button_two_letter_spacing__hover_enabled=&#8221;off&#8221; button_bg_color__hover_enabled=&#8221;off&#8221; button_one_bg_color__hover_enabled=&#8221;off&#8221; button_two_bg_color__hover_enabled=&#8221;off&#8221;][\/et_pb_contact_field][et_pb_contact_field field_id=&#8221;Phone&#8221; field_title=&#8221;Phone&#8221; allowed_symbols=&#8221;numbers&#8221; fullwidth_field=&#8221;on&#8221; _builder_version=&#8221;4.16&#8243; global_colors_info=&#8221;{}&#8221; button_text_size__hover_enabled=&#8221;off&#8221; button_one_text_size__hover_enabled=&#8221;off&#8221; button_two_text_size__hover_enabled=&#8221;off&#8221; button_text_color__hover_enabled=&#8221;off&#8221; button_one_text_color__hover_enabled=&#8221;off&#8221; button_two_text_color__hover_enabled=&#8221;off&#8221; button_border_width__hover_enabled=&#8221;off&#8221; button_one_border_width__hover_enabled=&#8221;off&#8221; button_two_border_width__hover_enabled=&#8221;off&#8221; button_border_color__hover_enabled=&#8221;off&#8221; button_one_border_color__hover_enabled=&#8221;off&#8221; button_two_border_color__hover_enabled=&#8221;off&#8221; button_border_radius__hover_enabled=&#8221;off&#8221; button_one_border_radius__hover_enabled=&#8221;off&#8221; button_two_border_radius__hover_enabled=&#8221;off&#8221; button_letter_spacing__hover_enabled=&#8221;off&#8221; button_one_letter_spacing__hover_enabled=&#8221;off&#8221; button_two_letter_spacing__hover_enabled=&#8221;off&#8221; button_bg_color__hover_enabled=&#8221;off&#8221; button_one_bg_color__hover_enabled=&#8221;off&#8221; button_two_bg_color__hover_enabled=&#8221;off&#8221;][\/et_pb_contact_field][et_pb_contact_field field_id=&#8221;Email&#8221; field_title=&#8221;Email Address&#8221; field_type=&#8221;email&#8221; fullwidth_field=&#8221;on&#8221; _builder_version=&#8221;4.16&#8243; global_colors_info=&#8221;{}&#8221; button_text_size__hover_enabled=&#8221;off&#8221; button_one_text_size__hover_enabled=&#8221;off&#8221; button_two_text_size__hover_enabled=&#8221;off&#8221; button_text_color__hover_enabled=&#8221;off&#8221; button_one_text_color__hover_enabled=&#8221;off&#8221; button_two_text_color__hover_enabled=&#8221;off&#8221; button_border_width__hover_enabled=&#8221;off&#8221; button_one_border_width__hover_enabled=&#8221;off&#8221; button_two_border_width__hover_enabled=&#8221;off&#8221; button_border_color__hover_enabled=&#8221;off&#8221; button_one_border_color__hover_enabled=&#8221;off&#8221; button_two_border_color__hover_enabled=&#8221;off&#8221; button_border_radius__hover_enabled=&#8221;off&#8221; button_one_border_radius__hover_enabled=&#8221;off&#8221; button_two_border_radius__hover_enabled=&#8221;off&#8221; button_letter_spacing__hover_enabled=&#8221;off&#8221; button_one_letter_spacing__hover_enabled=&#8221;off&#8221; button_two_letter_spacing__hover_enabled=&#8221;off&#8221; button_bg_color__hover_enabled=&#8221;off&#8221; button_one_bg_color__hover_enabled=&#8221;off&#8221; button_two_bg_color__hover_enabled=&#8221;off&#8221;][\/et_pb_contact_field][et_pb_contact_field field_id=&#8221;Subject&#8221; field_title=&#8221;Subject&#8221; fullwidth_field=&#8221;on&#8221; _builder_version=&#8221;4.16&#8243; global_colors_info=&#8221;{}&#8221; button_text_size__hover_enabled=&#8221;off&#8221; button_one_text_size__hover_enabled=&#8221;off&#8221; button_two_text_size__hover_enabled=&#8221;off&#8221; button_text_color__hover_enabled=&#8221;off&#8221; button_one_text_color__hover_enabled=&#8221;off&#8221; button_two_text_color__hover_enabled=&#8221;off&#8221; button_border_width__hover_enabled=&#8221;off&#8221; button_one_border_width__hover_enabled=&#8221;off&#8221; button_two_border_width__hover_enabled=&#8221;off&#8221; button_border_color__hover_enabled=&#8221;off&#8221; button_one_border_color__hover_enabled=&#8221;off&#8221; button_two_border_color__hover_enabled=&#8221;off&#8221; button_border_radius__hover_enabled=&#8221;off&#8221; button_one_border_radius__hover_enabled=&#8221;off&#8221; button_two_border_radius__hover_enabled=&#8221;off&#8221; button_letter_spacing__hover_enabled=&#8221;off&#8221; button_one_letter_spacing__hover_enabled=&#8221;off&#8221; button_two_letter_spacing__hover_enabled=&#8221;off&#8221; button_bg_color__hover_enabled=&#8221;off&#8221; button_one_bg_color__hover_enabled=&#8221;off&#8221; button_two_bg_color__hover_enabled=&#8221;off&#8221;][\/et_pb_contact_field][et_pb_contact_field field_id=&#8221;Message&#8221; field_title=&#8221;Message&#8221; field_type=&#8221;text&#8221; fullwidth_field=&#8221;on&#8221; _builder_version=&#8221;4.16&#8243; global_colors_info=&#8221;{}&#8221; button_text_size__hover_enabled=&#8221;off&#8221; button_one_text_size__hover_enabled=&#8221;off&#8221; button_two_text_size__hover_enabled=&#8221;off&#8221; button_text_color__hover_enabled=&#8221;off&#8221; button_one_text_color__hover_enabled=&#8221;off&#8221; button_two_text_color__hover_enabled=&#8221;off&#8221; button_border_width__hover_enabled=&#8221;off&#8221; button_one_border_width__hover_enabled=&#8221;off&#8221; button_two_border_width__hover_enabled=&#8221;off&#8221; button_border_color__hover_enabled=&#8221;off&#8221; button_one_border_color__hover_enabled=&#8221;off&#8221; button_two_border_color__hover_enabled=&#8221;off&#8221; button_border_radius__hover_enabled=&#8221;off&#8221; button_one_border_radius__hover_enabled=&#8221;off&#8221; button_two_border_radius__hover_enabled=&#8221;off&#8221; button_letter_spacing__hover_enabled=&#8221;off&#8221; button_one_letter_spacing__hover_enabled=&#8221;off&#8221; button_two_letter_spacing__hover_enabled=&#8221;off&#8221; button_bg_color__hover_enabled=&#8221;off&#8221; button_one_bg_color__hover_enabled=&#8221;off&#8221; button_two_bg_color__hover_enabled=&#8221;off&#8221;][\/et_pb_contact_field][\/et_pb_contact_form][et_pb_text _builder_version=&#8221;4.16&#8243; global_colors_info=&#8221;{}&#8221;]<\/p>\n<h5>Contactez-nous<\/h5>\n<p>[\/et_pb_text][et_pb_blurb use_icon=&#8221;on&#8221; font_icon=&#8221;&#xe081;||divi||400&#8243; icon_placement=&#8221;left&#8221; module_class=&#8221;dct_info&#8221; _builder_version=&#8221;4.19.5&#8243; image_icon_custom_padding=&#8221;|8px|||false|false&#8221; global_colors_info=&#8221;{}&#8221;]<\/p>\n<p>Cedar Rapids, Iowa, \u00c9tats-Unis<\/p>\n<p>[\/et_pb_blurb][et_pb_blurb use_icon=&#8221;on&#8221; font_icon=&#8221;&#xe090;||divi||400&#8243; icon_placement=&#8221;left&#8221; module_class=&#8221;dct_info&#8221; _builder_version=&#8221;4.19.5&#8243; image_icon_custom_padding=&#8221;|8px|||false|false&#8221; global_colors_info=&#8221;{}&#8221;]<\/p>\n<p><span>1-309-430-7685<\/span><\/p>\n<p>[\/et_pb_blurb][et_pb_blurb use_icon=&#8221;on&#8221; font_icon=&#8221;&#xe076;||divi||400&#8243; icon_placement=&#8221;left&#8221; module_class=&#8221;dct_info&#8221; _builder_version=&#8221;4.19.5&#8243; image_icon_custom_padding=&#8221;|8px|||false|false&#8221; global_colors_info=&#8221;{}&#8221;]<\/p>\n<p>hello@isolicia.com<\/p>\n<p>[\/et_pb_blurb][\/et_pb_column][et_pb_column type=&#8221;3_4&#8243; specialty_columns=&#8221;3&#8243; _builder_version=&#8221;4.16&#8243; custom_padding=&#8221;|||&#8221; pac_dcm_carousel_specific_module_num=&#8221;0&#8243; global_colors_info=&#8221;{}&#8221; custom_padding__hover=&#8221;|||&#8221;][et_pb_row_inner _builder_version=&#8221;4.16&#8243; global_colors_info=&#8221;{}&#8221;][et_pb_column_inner saved_specialty_column_type=&#8221;3_4&#8243; _builder_version=&#8221;4.16&#8243; pac_dcm_carousel_specific_module_num=&#8221;0&#8243; global_colors_info=&#8221;{}&#8221;][et_pb_image src=&#8221;https:\/\/isolicia.com\/wp-content\/uploads\/2023\/02\/Untitled-design-17.jpg&#8221; title_text=&#8221;Untitled design (17)&#8221; force_fullwidth=&#8221;on&#8221; _builder_version=&#8221;4.19.5&#8243; global_colors_info=&#8221;{}&#8221;][\/et_pb_image][et_pb_text module_class=&#8221;dct_s_title_left&#8221; _builder_version=&#8221;4.19.5&#8243; global_colors_info=&#8221;{}&#8221;]<\/p>\n<p><span>Connecter les acheteurs aux producteurs<\/span><\/p>\n<h3>Ce que nous faisons pour les acheteurs<\/h3>\n<p>[\/et_pb_text][et_pb_text _builder_version=&#8221;4.19.5&#8243; custom_css_main_element=&#8221;font-size: 15px;||font-weight: 400;||line-height: 30px;||text-align: justify;&#8221; global_colors_info=&#8221;{}&#8221;]<\/p>\n<p class=\"my-0.5\">Isolicia est fi\u00e8re de son vaste r\u00e9seau de fabricants et de fournisseurs qui peuvent aider les acheteurs \u00e0 naviguer dans une logistique internationale difficile. Nous s\u00e9lectionnons soigneusement tous les partenaires possibles, comprenons et respectons les lois locales, trouvons les m\u00e9thodes d&#039;exp\u00e9dition optimales et g\u00e9rons les conditions de paiement.<\/p>\n<p>Avec plus de 15 ans d&#039;exp\u00e9rience, nous comprenons le r\u00f4le vital que la fabrication et la production - et notre situation g\u00e9ographique au c\u0153ur des \u00c9tats-Unis nous permet de faire correspondre les acheteurs dans <span>Am\u00e9rique du Nord, Europe, Inde, Moyen-Orient et Afrique<\/span>.<\/p>\n<p>[\/et_pb_text][\/et_pb_column_inner][\/et_pb_row_inner][et_pb_row_inner column_structure=&#8221;1_3,1_3,1_3&#8243; use_custom_gutter=&#8221;on&#8221; gutter_width=&#8221;2&#8243; make_equal=&#8221;on&#8221; _builder_version=&#8221;4.16&#8243; global_colors_info=&#8221;{}&#8221;][et_pb_column_inner type=&#8221;1_3&#8243; saved_specialty_column_type=&#8221;3_4&#8243; _builder_version=&#8221;4.16&#8243; pac_dcm_carousel_specific_module_num=&#8221;0&#8243; global_colors_info=&#8221;{}&#8221;][et_pb_blurb title=&#8221;High Quality Products&#8221; image=&#8221;https:\/\/isolicia.com\/wp-content\/uploads\/2023\/02\/Untitled-design-18.jpg&#8221; module_class=&#8221;dct_in_info&#8221; _builder_version=&#8221;4.19.5&#8243; header_text_align=&#8221;center&#8221; custom_css_blurb_content=&#8221;max-width:100%;&#8221; global_colors_info=&#8221;{}&#8221;]<\/p>\n<p><span>Isolicia donne acc\u00e8s \u00e0 une large s\u00e9lection de producteurs et de fabricants am\u00e9ricains de confiance.<\/span><\/p>\n<p>[\/et_pb_blurb][\/et_pb_column_inner][et_pb_column_inner type=&#8221;1_3&#8243; saved_specialty_column_type=&#8221;3_4&#8243; _builder_version=&#8221;4.16&#8243; pac_dcm_carousel_specific_module_num=&#8221;0&#8243; global_colors_info=&#8221;{}&#8221;][et_pb_blurb title=&#8221;International Regulations&#8221; image=&#8221;https:\/\/isolicia.com\/wp-content\/uploads\/2023\/02\/Untitled-design-20.jpg&#8221; image_tablet=&#8221;&#8221; image_phone=&#8221;&#8221; image_last_edited=&#8221;on|desktop&#8221; module_class=&#8221;dct_in_info&#8221; _builder_version=&#8221;4.19.5&#8243; header_text_align=&#8221;center&#8221; custom_css_blurb_content=&#8221;max-width:100%;&#8221; global_colors_info=&#8221;{}&#8221;]<\/p>\n<div class=\"break-words markdown-formatted-text\">\n<p class=\"my-0.5\">Nous sommes fiers d&#039;aider les acheteurs \u00e0 naviguer dans les complexit\u00e9s des lois internationales sur l&#039;importation.<\/p>\n<\/div>\n<div class=\"flex w-full items-center justify-end flex-wrap pt-1.5\"><\/div>\n<p>[\/et_pb_blurb][\/et_pb_column_inner][et_pb_column_inner type=&#8221;1_3&#8243; saved_specialty_column_type=&#8221;3_4&#8243; _builder_version=&#8221;4.16&#8243; pac_dcm_carousel_specific_module_num=&#8221;0&#8243; global_colors_info=&#8221;{}&#8221;][et_pb_blurb title=&#8221;Client-Centric Relationships&#8221; image=&#8221;https:\/\/isolicia.com\/wp-content\/uploads\/2023\/02\/Untitled-design-19.jpg&#8221; module_class=&#8221;dct_in_info&#8221; _builder_version=&#8221;4.19.5&#8243; header_text_align=&#8221;center&#8221; custom_css_blurb_content=&#8221;max-width:100%;&#8221; global_colors_info=&#8221;{}&#8221;]<\/p>\n<p><span>Construire des relations de confiance avec des clients internationaux est l&#039;une de nos valeurs commerciales fondamentales.<\/span><\/p>\n<p>[\/et_pb_blurb][\/et_pb_column_inner][\/et_pb_row_inner][\/et_pb_column][\/et_pb_section]<\/p>","protected":false},"excerpt":{"rendered":"<p>Coordinating the Delivery of high-quality American goods Home ServicesWHAT WE DOGet a QuoteContact usCedar Rapids, IA, USA1-309-430-7685hello@isolicia.comConnecting buyers with Producers What We Do For BuyersIsolicia is proud of its vast network of manufacturers and suppliers who can help buyers navigate challenging international logistics. We carefully screen all possible partners, understanding and abiding by local laws, finding the optimal shipping methods, and managing payment terms. With over 15 years of experience, we understand the vital role that manufacturing and production &#8211; and our geographical location in the heartland of the United States allows us to match buyers in North America, Europe, India, the Middle East, and Africa.Isolicia provides access to a wide selection of trusted American producers and manufacturers. We&#8217;re proud to help buyers navigate the complexities of international import laws. Building trusted relationships with international clients is one of our core business values.<\/p>","protected":false},"author":2,"featured_media":0,"parent":0,"menu_order":0,"comment_status":"closed","ping_status":"closed","template":"","meta":{"_acf_changed":false,"_seopress_robots_primary_cat":"","_seopress_titles_title":"","_seopress_titles_desc":"","_seopress_robots_index":"","_et_pb_use_builder":"on","_et_pb_old_content":"","_et_gb_content_width":"","footnotes":""},"class_list":["post-216015","page","type-page","status-publish","hentry"],"acf":[],"_links":{"self":[{"href":"https:\/\/isolicia.com\/fr\/wp-json\/wp\/v2\/pages\/216015","targetHints":{"allow":["GET"]}}],"collection":[{"href":"https:\/\/isolicia.com\/fr\/wp-json\/wp\/v2\/pages"}],"about":[{"href":"https:\/\/isolicia.com\/fr\/wp-json\/wp\/v2\/types\/page"}],"author":[{"embeddable":true,"href":"https:\/\/isolicia.com\/fr\/wp-json\/wp\/v2\/users\/2"}],"replies":[{"embeddable":true,"href":"https:\/\/isolicia.com\/fr\/wp-json\/wp\/v2\/comments?post=216015"}],"version-history":[{"count":0,"href":"https:\/\/isolicia.com\/fr\/wp-json\/wp\/v2\/pages\/216015\/revisions"}],"wp:attachment":[{"href":"https:\/\/isolicia.com\/fr\/wp-json\/wp\/v2\/media?parent=216015"}],"curies":[{"name":"wp","href":"https:\/\/api.w.org\/{rel}","templated":true}]}}