{"id":215906,"date":"2023-01-26T07:06:39","date_gmt":"2023-01-26T13:06:39","guid":{"rendered":"https:\/\/isolicia.com\/?page_id=215906"},"modified":"2023-02-15T06:17:17","modified_gmt":"2023-02-15T12:17:17","slug":"get-a-quote","status":"publish","type":"page","link":"https:\/\/isolicia.com\/fr\/obtenir-un-devis\/","title":{"rendered":"Obtenir un devis"},"content":{"rendered":"<p>[et_pb_section fb_built=&#8221;1&#8243; custom_padding_last_edited=&#8221;on|tablet&#8221; _builder_version=&#8221;4.19.5&#8243; background_color=&#8221;rgba(0,0,0,0.61)&#8221; background_color_gradient_direction=&#8221;90deg&#8221; background_image=&#8221;https:\/\/isolicia.com\/wp-content\/uploads\/2023\/02\/Website-Page-Headers-1.jpg&#8221; background_position=&#8221;bottom_center&#8221; background_blend=&#8221;overlay&#8221; custom_padding=&#8221;110px||||false|false&#8221; custom_padding_tablet=&#8221;54px||||false|false&#8221; custom_padding_phone=&#8221;&#8221; custom_css_main_element=&#8221;background-color: #f8f8f8;||box-shadow: inset 0 -1px 0 0 rgba(0, 0, 0, 0.045), inset 0 1px 0 0 rgba(0, 0, 0, 0.045);&#8221; global_colors_info=&#8221;{}&#8221;][et_pb_row column_structure=&#8221;1_2,1_2&#8243; use_custom_gutter=&#8221;on&#8221; gutter_width=&#8221;2&#8243; make_equal=&#8221;on&#8221; module_class=&#8221;dct_p_title&#8221; _builder_version=&#8221;4.19.5&#8243; width=&#8221;90%&#8221; max_width=&#8221;2560px&#8221; custom_padding=&#8221;0px||0px||true|false&#8221; hover_enabled=&#8221;0&#8243; global_colors_info=&#8221;{}&#8221; sticky_enabled=&#8221;0&#8243;][et_pb_column type=&#8221;1_2&#8243; _builder_version=&#8221;4.16&#8243; pac_dcm_carousel_specific_module_num=&#8221;0&#8243; global_colors_info=&#8221;{}&#8221;][et_pb_cta title=&#8221;@ET-DC@eyJkeW5hbWljIjp0cnVlLCJjb250ZW50IjoicG9zdF90aXRsZSIsInNldHRpbmdzIjp7ImJlZm9yZSI6IiIsImFmdGVyIjoiIn19@&#8221; _builder_version=&#8221;4.19.5&#8243; _dynamic_attributes=&#8221;title&#8221; use_background_color=&#8221;off&#8221; text_orientation=&#8221;left&#8221; custom_padding=&#8221;||0px|||&#8221; hover_enabled=&#8221;0&#8243; global_colors_info=&#8221;{}&#8221; header_font_size=&#8221;50px&#8221; sticky_enabled=&#8221;0&#8243;]<\/p>\n<p>Garantir des prix d&#039;exportation et d&#039;importation optimaux<\/p>\n<p>[\/et_pb_cta][\/et_pb_column][et_pb_column type=&#8221;1_2&#8243; _builder_version=&#8221;4.16&#8243; pac_dcm_carousel_specific_module_num=&#8221;0&#8243; global_colors_info=&#8221;{}&#8221;][et_pb_text _builder_version=&#8221;4.16&#8243; text_orientation=&#8221;right&#8221; global_colors_info=&#8221;{}&#8221;]<\/p>\n<ul>\n<li><a href=\"https:\/\/isolicia.com\/fr\/\">Maison<\/a><\/li>\n<li>Obtenir un devis<\/li>\n<\/ul>\n<p>[\/et_pb_text][\/et_pb_column][\/et_pb_row][\/et_pb_section][et_pb_section fb_built=&#8221;1&#8243; _builder_version=&#8221;4.16&#8243; custom_padding=&#8221;0px||0px||true|false&#8221; global_colors_info=&#8221;{}&#8221;][et_pb_row _builder_version=&#8221;4.19.5&#8243; background_size=&#8221;initial&#8221; background_position=&#8221;top_left&#8221; background_repeat=&#8221;repeat&#8221; hover_enabled=&#8221;0&#8243; global_colors_info=&#8221;{}&#8221; width=&#8221;90%&#8221; max_width=&#8221;2560px&#8221; sticky_enabled=&#8221;0&#8243;][et_pb_column type=&#8221;4_4&#8243; _builder_version=&#8221;4.16&#8243; pac_dcm_carousel_specific_module_num=&#8221;0&#8243; global_colors_info=&#8221;{}&#8221;][et_pb_text module_class=&#8221;dct_s_title&#8221; _builder_version=&#8221;4.19.5&#8243; header_font=&#8221;||||||||&#8221; custom_padding=&#8221;||0px|||&#8221; global_colors_info=&#8221;{}&#8221;]<\/p>\n<h4>Estimations pr\u00e9cises et efficaces<\/h4>\n<p>Isolicia prend en compte tous les facteurs budg\u00e9taires, logistiques et r\u00e9glementaires pour produire des devis pr\u00e9cis qui soutiennent la planification de votre entreprise.<\/p>\n<p>[\/et_pb_text][\/et_pb_column][\/et_pb_row][\/et_pb_section][et_pb_section fb_built=&#8221;1&#8243; custom_padding_last_edited=&#8221;on|tablet&#8221; module_id=&#8221;dct_inquiry_v4&#8243; _builder_version=&#8221;4.16&#8243; background_enable_color=&#8221;off&#8221; custom_padding_tablet=&#8221;20px||20px||true|false&#8221; custom_padding_phone=&#8221;&#8221; custom_css_main_element=&#8221;background:#333;&#8221; global_colors_info=&#8221;{}&#8221;][et_pb_row column_structure=&#8221;1_3,2_3&#8243; use_custom_gutter=&#8221;on&#8221; gutter_width=&#8221;1&#8243; make_equal=&#8221;on&#8221; _builder_version=&#8221;4.19.5&#8243; width=&#8221;90%&#8221; max_width=&#8221;2560px&#8221; custom_padding=&#8221;0px||0px||true|false&#8221; hover_enabled=&#8221;0&#8243; global_colors_info=&#8221;{}&#8221; sticky_enabled=&#8221;0&#8243;][et_pb_column type=&#8221;1_3&#8243; _builder_version=&#8221;4.16&#8243; pac_dcm_carousel_specific_module_num=&#8221;0&#8243; global_colors_info=&#8221;{}&#8221;][et_pb_image src=&#8221;https:\/\/isolicia.com\/wp-content\/uploads\/2023\/02\/Untitled-design-21.jpg&#8221; title_text=&#8221;Untitled design (21)&#8221; _builder_version=&#8221;4.19.5&#8243; _module_preset=&#8221;default&#8221; hover_enabled=&#8221;0&#8243; global_colors_info=&#8221;{}&#8221; force_fullwidth=&#8221;on&#8221; sticky_enabled=&#8221;0&#8243;][\/et_pb_image][\/et_pb_column][et_pb_column type=&#8221;2_3&#8243; _builder_version=&#8221;4.16&#8243; background_color=&#8221;#ffffff&#8221; custom_padding=&#8221;50px|50px|50px|50px|true|true&#8221; custom_padding_tablet=&#8221;20px|20px|20px|20px|true|true&#8221; custom_padding_phone=&#8221;|10px||10px|true|true&#8221; custom_padding_last_edited=&#8221;on|phone&#8221; pac_dcm_carousel_specific_module_num=&#8221;0&#8243; global_colors_info=&#8221;{}&#8221;][et_pb_text module_class=&#8221;dct_s_title_left&#8221; _builder_version=&#8221;4.19.5&#8243; hover_enabled=&#8221;0&#8243; global_colors_info=&#8221;{}&#8221; sticky_enabled=&#8221;0&#8243;]<\/p>\n<p><span> Parlez-nous de vos objectifs<\/span><\/p>\n<h3>Obtenez un devis gratuit de nos experts<\/h3>\n<p>[\/et_pb_text][et_pb_dcgd_gravity_divi_module dc_dgfcm_form_id=&#8221;4&#8243; dc_dgfcm_show_title=&#8221;off&#8221; dc_dgfcm_show_description=&#8221;off&#8221; dc_dgfcm_enable_ajax=&#8221;on&#8221; _builder_version=&#8221;4.19.5&#8243; _module_preset=&#8221;default&#8221; custom_form_submit_button=&#8221;on&#8221; form_submit_button_text_color=&#8221;#ffffff&#8221; form_submit_button_bg_color=&#8221;#F06543&#8243; hover_enabled=&#8221;0&#8243; global_colors_info=&#8221;{}&#8221; sticky_enabled=&#8221;0&#8243; form_inputs_background_color=&#8221;RGBA(255,255,255,0)&#8221; form_inputs_custom_margin=&#8221;6px||6px|0px|true|false&#8221; form_inputs_custom_padding=&#8221;8px|||55px|false|false&#8221; form_title_font_size=&#8221;1px&#8221; field_label_font_size=&#8221;17px&#8221; field_required_font_size=&#8221;13px&#8221; custom_form_save_link=&#8221;on&#8221; form_save_link_custom_margin=&#8221;0px||||false|false&#8221; form_save_link_custom_padding=&#8221;0px||||false|false&#8221; form_submit_button_custom_margin=&#8221;18px||||false|false&#8221;][\/et_pb_dcgd_gravity_divi_module][\/et_pb_column][\/et_pb_row][\/et_pb_section]<\/p>","protected":false},"excerpt":{"rendered":"<p>Securing optimal export and import pricing Home Get a QuoteAccurate\u00a0 and Efficient Estimates Isolicia considers all budgetary, logistical, and regulatory factors to produce accurate quotes that support your business planning. Tell us about your goals Get a free quote from our experts<\/p>","protected":false},"author":2,"featured_media":0,"parent":0,"menu_order":0,"comment_status":"closed","ping_status":"closed","template":"","meta":{"_acf_changed":false,"_seopress_robots_primary_cat":"","_seopress_titles_title":"","_seopress_titles_desc":"","_seopress_robots_index":"","_et_pb_use_builder":"on","_et_pb_old_content":"","_et_gb_content_width":"","footnotes":""},"class_list":["post-215906","page","type-page","status-publish","hentry"],"acf":[],"_links":{"self":[{"href":"https:\/\/isolicia.com\/fr\/wp-json\/wp\/v2\/pages\/215906","targetHints":{"allow":["GET"]}}],"collection":[{"href":"https:\/\/isolicia.com\/fr\/wp-json\/wp\/v2\/pages"}],"about":[{"href":"https:\/\/isolicia.com\/fr\/wp-json\/wp\/v2\/types\/page"}],"author":[{"embeddable":true,"href":"https:\/\/isolicia.com\/fr\/wp-json\/wp\/v2\/users\/2"}],"replies":[{"embeddable":true,"href":"https:\/\/isolicia.com\/fr\/wp-json\/wp\/v2\/comments?post=215906"}],"version-history":[{"count":0,"href":"https:\/\/isolicia.com\/fr\/wp-json\/wp\/v2\/pages\/215906\/revisions"}],"wp:attachment":[{"href":"https:\/\/isolicia.com\/fr\/wp-json\/wp\/v2\/media?parent=215906"}],"curies":[{"name":"wp","href":"https:\/\/api.w.org\/{rel}","templated":true}]}}